{"id":117,"date":"2023-05-03T20:01:16","date_gmt":"2023-05-03T18:01:16","guid":{"rendered":"https:\/\/lesrolistesrouennais.fr\/?page_id=117"},"modified":"2023-05-03T20:06:33","modified_gmt":"2023-05-03T18:06:33","slug":"blog","status":"publish","type":"page","link":"https:\/\/lesrolistesrouennais.fr\/index.php\/blog\/","title":{"rendered":"Blog"},"content":{"rendered":"\n<div class=\"wp-block-query is-layout-flow wp-block-query-is-layout-flow\"><ul class=\"wp-block-post-template is-layout-flow wp-block-post-template-is-layout-flow\"><li class=\"wp-block-post post-43 post type-post status-publish format-standard has-post-thumbnail hentry category-billet-de-blog\">\n\n<div class=\"wp-block-columns alignwide is-layout-flex wp-container-core-columns-is-layout-28f84493 wp-block-columns-is-layout-flex\">\n<div class=\"wp-block-column is-layout-flow wp-block-column-is-layout-flow\" style=\"flex-basis:30%\"><figure class=\"wp-block-post-featured-image\"><a href=\"https:\/\/lesrolistesrouennais.fr\/index.php\/2023\/05\/03\/test-annonce-table\/\" target=\"_self\"  ><img loading=\"lazy\" decoding=\"async\" width=\"769\" height=\"455\" src=\"https:\/\/lesrolistesrouennais.fr\/wp-content\/uploads\/2023\/05\/graphiste.png\" class=\"attachment-post-thumbnail size-post-thumbnail wp-post-image\" alt=\"Test annonce table\" style=\"object-fit:cover;\" srcset=\"https:\/\/lesrolistesrouennais.fr\/wp-content\/uploads\/2023\/05\/graphiste.png 769w, https:\/\/lesrolistesrouennais.fr\/wp-content\/uploads\/2023\/05\/graphiste-300x178.png 300w\" sizes=\"auto, (max-width: 769px) 100vw, 769px\" \/><\/a><\/figure><\/div>\n\n\n\n<div class=\"wp-block-column is-layout-flow wp-block-column-is-layout-flow\" style=\"flex-basis:70%\"><h2 class=\"wp-block-post-title\"><a href=\"https:\/\/lesrolistesrouennais.fr\/index.php\/2023\/05\/03\/test-annonce-table\/\" target=\"_self\" >Test annonce table<\/a><\/h2>\n\n<div class=\"wp-block-post-excerpt\"><p class=\"wp-block-post-excerpt__excerpt\">On va mener du mal\u00e9fices pour de vrai, ceci n&rsquo;est pas un exercice, je r\u00e9p\u00e8te : ceci n&rsquo;est pas un exercice ! Lorem ipsum dolor sit amet, consectetur adipiscing elit. Sed nec turpis vel urna porttitor maximus. Nunc blandit vulputate libero, at vehicula nisi. Nam laoreet rutrum hendrerit. Fusce aliquam mauris lorem, sit amet interdum\u2026 <\/p><\/div><\/div>\n<\/div>\n\n<\/li><\/ul><\/div>\n","protected":false},"excerpt":{"rendered":"","protected":false},"author":1,"featured_media":0,"parent":0,"menu_order":0,"comment_status":"closed","ping_status":"closed","template":"","meta":{"footnotes":""},"class_list":["post-117","page","type-page","status-publish","hentry"],"_links":{"self":[{"href":"https:\/\/lesrolistesrouennais.fr\/index.php\/wp-json\/wp\/v2\/pages\/117","targetHints":{"allow":["GET"]}}],"collection":[{"href":"https:\/\/lesrolistesrouennais.fr\/index.php\/wp-json\/wp\/v2\/pages"}],"about":[{"href":"https:\/\/lesrolistesrouennais.fr\/index.php\/wp-json\/wp\/v2\/types\/page"}],"author":[{"embeddable":true,"href":"https:\/\/lesrolistesrouennais.fr\/index.php\/wp-json\/wp\/v2\/users\/1"}],"replies":[{"embeddable":true,"href":"https:\/\/lesrolistesrouennais.fr\/index.php\/wp-json\/wp\/v2\/comments?post=117"}],"version-history":[{"count":2,"href":"https:\/\/lesrolistesrouennais.fr\/index.php\/wp-json\/wp\/v2\/pages\/117\/revisions"}],"predecessor-version":[{"id":125,"href":"https:\/\/lesrolistesrouennais.fr\/index.php\/wp-json\/wp\/v2\/pages\/117\/revisions\/125"}],"wp:attachment":[{"href":"https:\/\/lesrolistesrouennais.fr\/index.php\/wp-json\/wp\/v2\/media?parent=117"}],"curies":[{"name":"wp","href":"https:\/\/api.w.org\/{rel}","templated":true}]}}