{"id":119,"date":"2023-05-03T20:03:17","date_gmt":"2023-05-03T18:03:17","guid":{"rendered":"https:\/\/lesrolistesrouennais.fr\/?page_id=119"},"modified":"2023-05-03T20:03:17","modified_gmt":"2023-05-03T18:03:17","slug":"vie-associative","status":"publish","type":"page","link":"https:\/\/lesrolistesrouennais.fr\/index.php\/vie-associative\/","title":{"rendered":"Vie associative"},"content":{"rendered":"\n<div class=\"wp-block-query is-layout-flow wp-block-query-is-layout-flow\"><ul class=\"wp-block-post-template is-layout-flow wp-block-post-template-is-layout-flow\"><li class=\"wp-block-post post-133 post type-post status-publish format-standard has-post-thumbnail hentry category-vie-associative\">\n\n<div class=\"wp-block-columns alignwide is-layout-flex wp-container-core-columns-is-layout-28f84493 wp-block-columns-is-layout-flex\">\n<div class=\"wp-block-column is-layout-flow wp-block-column-is-layout-flow\" style=\"flex-basis:30%\"><figure class=\"wp-block-post-featured-image\"><a href=\"https:\/\/lesrolistesrouennais.fr\/index.php\/2023\/05\/03\/renovation-du-site-internet\/\" target=\"_self\"  ><img loading=\"lazy\" decoding=\"async\" width=\"769\" height=\"455\" src=\"https:\/\/lesrolistesrouennais.fr\/wp-content\/uploads\/2023\/05\/important.png\" class=\"attachment-post-thumbnail size-post-thumbnail wp-post-image\" alt=\"R\u00e9novation du site internet\" style=\"object-fit:cover;\" srcset=\"https:\/\/lesrolistesrouennais.fr\/wp-content\/uploads\/2023\/05\/important.png 769w, https:\/\/lesrolistesrouennais.fr\/wp-content\/uploads\/2023\/05\/important-300x178.png 300w\" sizes=\"auto, (max-width: 769px) 100vw, 769px\" \/><\/a><\/figure><\/div>\n\n\n\n<div class=\"wp-block-column is-layout-flow wp-block-column-is-layout-flow\" style=\"flex-basis:70%\"><h2 class=\"wp-block-post-title\"><a href=\"https:\/\/lesrolistesrouennais.fr\/index.php\/2023\/05\/03\/renovation-du-site-internet\/\" target=\"_self\" >R\u00e9novation du site internet<\/a><\/h2>\n\n<div class=\"wp-block-post-excerpt\"><p class=\"wp-block-post-excerpt__excerpt\">Hello, si vous voyez ce message, c&rsquo;est sans doute que le site vient juste d&rsquo;\u00eatre r\u00e9nov\u00e9, et que son contenu n&rsquo;est pas achev\u00e9 ! Les liens vers le Facebook et le Discord sont fonctionnels, n&rsquo;h\u00e9sitez pas \u00e0 venir nous poser des questions l\u00e0-bas directement ! <\/p><\/div><\/div>\n<\/div>\n\n<\/li><li class=\"wp-block-post post-39 post type-post status-publish format-standard has-post-thumbnail hentry category-vie-associative\">\n\n<div class=\"wp-block-columns alignwide is-layout-flex wp-container-core-columns-is-layout-28f84493 wp-block-columns-is-layout-flex\">\n<div class=\"wp-block-column is-layout-flow wp-block-column-is-layout-flow\" style=\"flex-basis:30%\"><figure class=\"wp-block-post-featured-image\"><a href=\"https:\/\/lesrolistesrouennais.fr\/index.php\/2023\/05\/03\/test-annonce-ag\/\" target=\"_self\"  ><img loading=\"lazy\" decoding=\"async\" width=\"769\" height=\"455\" src=\"https:\/\/lesrolistesrouennais.fr\/wp-content\/uploads\/2023\/05\/important.png\" class=\"attachment-post-thumbnail size-post-thumbnail wp-post-image\" alt=\"Test annonce AG\" style=\"object-fit:cover;\" srcset=\"https:\/\/lesrolistesrouennais.fr\/wp-content\/uploads\/2023\/05\/important.png 769w, https:\/\/lesrolistesrouennais.fr\/wp-content\/uploads\/2023\/05\/important-300x178.png 300w\" sizes=\"auto, (max-width: 769px) 100vw, 769px\" \/><\/a><\/figure><\/div>\n\n\n\n<div class=\"wp-block-column is-layout-flow wp-block-column-is-layout-flow\" style=\"flex-basis:70%\"><h2 class=\"wp-block-post-title\"><a href=\"https:\/\/lesrolistesrouennais.fr\/index.php\/2023\/05\/03\/test-annonce-ag\/\" target=\"_self\" >Test annonce AG<\/a><\/h2>\n\n<div class=\"wp-block-post-excerpt\"><p class=\"wp-block-post-excerpt__excerpt\">Super ag pr\u00e9vue le XX\/XX, avec Dingo en sp\u00e9cial Guest ! Lorem ipsum dolor sit amet, consectetur adipiscing elit. Sed nec turpis vel urna porttitor maximus. Nunc blandit vulputate libero, at vehicula nisi. Nam laoreet rutrum hendrerit. Fusce aliquam mauris lorem, sit amet interdum sapien mattis et. Nunc ultricies dui quis dapibus accumsan. Vivamus eu\u2026 <\/p><\/div><\/div>\n<\/div>\n\n<\/li><\/ul><\/div>\n","protected":false},"excerpt":{"rendered":"","protected":false},"author":1,"featured_media":0,"parent":0,"menu_order":0,"comment_status":"closed","ping_status":"closed","template":"","meta":{"footnotes":""},"class_list":["post-119","page","type-page","status-publish","hentry"],"_links":{"self":[{"href":"https:\/\/lesrolistesrouennais.fr\/index.php\/wp-json\/wp\/v2\/pages\/119","targetHints":{"allow":["GET"]}}],"collection":[{"href":"https:\/\/lesrolistesrouennais.fr\/index.php\/wp-json\/wp\/v2\/pages"}],"about":[{"href":"https:\/\/lesrolistesrouennais.fr\/index.php\/wp-json\/wp\/v2\/types\/page"}],"author":[{"embeddable":true,"href":"https:\/\/lesrolistesrouennais.fr\/index.php\/wp-json\/wp\/v2\/users\/1"}],"replies":[{"embeddable":true,"href":"https:\/\/lesrolistesrouennais.fr\/index.php\/wp-json\/wp\/v2\/comments?post=119"}],"version-history":[{"count":1,"href":"https:\/\/lesrolistesrouennais.fr\/index.php\/wp-json\/wp\/v2\/pages\/119\/revisions"}],"predecessor-version":[{"id":120,"href":"https:\/\/lesrolistesrouennais.fr\/index.php\/wp-json\/wp\/v2\/pages\/119\/revisions\/120"}],"wp:attachment":[{"href":"https:\/\/lesrolistesrouennais.fr\/index.php\/wp-json\/wp\/v2\/media?parent=119"}],"curies":[{"name":"wp","href":"https:\/\/api.w.org\/{rel}","templated":true}]}}