{"id":129,"date":"2023-05-03T20:12:28","date_gmt":"2023-05-03T18:12:28","guid":{"rendered":"https:\/\/lesrolistesrouennais.fr\/?page_id=129"},"modified":"2023-05-03T20:21:08","modified_gmt":"2023-05-03T18:21:08","slug":"faq","status":"publish","type":"page","link":"https:\/\/lesrolistesrouennais.fr\/index.php\/faq\/","title":{"rendered":"FAQ"},"content":{"rendered":"\n<p>C&rsquo;est combien pour s&rsquo;inscrire ?<\/p>\n\n\n\n<p>Je veux jouer mais pas meujeuter, je peux ?<\/p>\n\n\n\n<p>Je peux venir une fois et puis dispara\u00eetre dans la nature ?<\/p>\n\n\n\n<p>Quelle est la r\u00e9ponse \u00e0 la grande question sur la vie, l&rsquo;univers et le reste ?<\/p>\n\n\n\n<p>Elles sont o\u00f9 les chiottes ?<\/p>\n","protected":false},"excerpt":{"rendered":"<p>C&rsquo;est combien pour s&rsquo;inscrire ? Je veux jouer mais pas meujeuter, je peux ? Je peux venir une fois et puis dispara\u00eetre dans la nature ? Quelle est la r\u00e9ponse \u00e0 la grande question sur la vie, l&rsquo;univers et le reste ? Elles sont o\u00f9 les chiottes ?<\/p>\n","protected":false},"author":1,"featured_media":0,"parent":0,"menu_order":0,"comment_status":"closed","ping_status":"closed","template":"","meta":{"footnotes":""},"class_list":["post-129","page","type-page","status-publish","hentry"],"_links":{"self":[{"href":"https:\/\/lesrolistesrouennais.fr\/index.php\/wp-json\/wp\/v2\/pages\/129","targetHints":{"allow":["GET"]}}],"collection":[{"href":"https:\/\/lesrolistesrouennais.fr\/index.php\/wp-json\/wp\/v2\/pages"}],"about":[{"href":"https:\/\/lesrolistesrouennais.fr\/index.php\/wp-json\/wp\/v2\/types\/page"}],"author":[{"embeddable":true,"href":"https:\/\/lesrolistesrouennais.fr\/index.php\/wp-json\/wp\/v2\/users\/1"}],"replies":[{"embeddable":true,"href":"https:\/\/lesrolistesrouennais.fr\/index.php\/wp-json\/wp\/v2\/comments?post=129"}],"version-history":[{"count":2,"href":"https:\/\/lesrolistesrouennais.fr\/index.php\/wp-json\/wp\/v2\/pages\/129\/revisions"}],"predecessor-version":[{"id":132,"href":"https:\/\/lesrolistesrouennais.fr\/index.php\/wp-json\/wp\/v2\/pages\/129\/revisions\/132"}],"wp:attachment":[{"href":"https:\/\/lesrolistesrouennais.fr\/index.php\/wp-json\/wp\/v2\/media?parent=129"}],"curies":[{"name":"wp","href":"https:\/\/api.w.org\/{rel}","templated":true}]}}